{"id":493,"date":"2024-05-05T17:43:28","date_gmt":"2024-05-05T15:43:28","guid":{"rendered":"https:\/\/wilbud.com\/?page_id=493"},"modified":"2024-05-05T17:43:29","modified_gmt":"2024-05-05T15:43:29","slug":"systemy-docieplen","status":"publish","type":"page","link":"https:\/\/wilbud.com\/?page_id=493","title":{"rendered":"Systemy docieple\u0144"},"content":{"rendered":"\n<div style=\"height:52px\" aria-hidden=\"true\" class=\"wp-block-spacer\"><\/div>\n\n\n\n<div class=\"wp-block-columns alignwide is-layout-flex wp-container-core-columns-is-layout-28f84493 wp-block-columns-is-layout-flex\">\n<div class=\"wp-block-column is-layout-flow wp-block-column-is-layout-flow\">\n<h1 class=\"wp-block-heading\" id=\"docieplenia\">Systemy Docieple\u0144<\/h1>\n\n\n\n<p>Dysponujemy nowoczesnymi systemami docieple\u0144 budynk\u00f3w takich firm jak&nbsp;<strong>Sempre, Styline, Ake, Rockwool, Isovere, Austrotherm.<\/strong>&nbsp;Posiadamy r\u00f3wnie\u017c mieszalni\u0119 tynk\u00f3w oraz farb Sempre<\/p>\n\n\n\n<p>Znajdziecie u nas:<\/p>\n\n\n\n<ul class=\"wp-block-list\">\n<li>tynki, farby elewacyjne, siatk\u0119 elewacyjn\u0105, we\u0142n\u0119 mineraln\u0105, styropian<\/li>\n<\/ul>\n<\/div>\n\n\n\n<div class=\"wp-block-column is-layout-flow wp-block-column-is-layout-flow\">\n<figure class=\"wp-block-image aligncenter size-full is-resized\"><img loading=\"lazy\" decoding=\"async\" width=\"1000\" height=\"667\" src=\"https:\/\/wilbud.com\/wp-content\/uploads\/2024\/05\/2017_03_25_IMG_2811.jpg\" alt=\"\" class=\"wp-image-435\" style=\"width:496px;height:auto\" srcset=\"https:\/\/wilbud.com\/wp-content\/uploads\/2024\/05\/2017_03_25_IMG_2811.jpg 1000w, https:\/\/wilbud.com\/wp-content\/uploads\/2024\/05\/2017_03_25_IMG_2811-300x200.jpg 300w, https:\/\/wilbud.com\/wp-content\/uploads\/2024\/05\/2017_03_25_IMG_2811-768x512.jpg 768w\" sizes=\"auto, (max-width: 1000px) 100vw, 1000px\" \/><\/figure>\n<\/div>\n<\/div>\n\n\n\n<div style=\"height:52px\" aria-hidden=\"true\" class=\"wp-block-spacer\"><\/div>\n","protected":false},"excerpt":{"rendered":"<p>Systemy Docieple\u0144 Dysponujemy nowoczesnymi systemami docieple\u0144 budynk\u00f3w takich firm jak&nbsp;Sempre, Styline, Ake, Rockwool, Isovere, Austrotherm.&nbsp;Posiadamy r\u00f3wnie\u017c mieszalni\u0119 tynk\u00f3w oraz farb Sempre Znajdziecie u nas:<\/p>\n","protected":false},"author":1,"featured_media":0,"parent":0,"menu_order":0,"comment_status":"closed","ping_status":"closed","template":"","meta":{"_eb_attr":"","footnotes":""},"class_list":["post-493","page","type-page","status-publish","hentry"],"yoast_head":"<!-- This site is optimized with the Yoast SEO plugin v24.3 - https:\/\/yoast.com\/wordpress\/plugins\/seo\/ -->\n<title>Systemy docieple\u0144 - Wilbud Materia\u0142y budowlane i opa\u0142owe Tomasz Bachniak<\/title>\n<meta name=\"robots\" content=\"index, follow, max-snippet:-1, max-image-preview:large, max-video-preview:-1\" \/>\n<link rel=\"canonical\" href=\"https:\/\/wilbud.com\/?page_id=493\" \/>\n<meta property=\"og:locale\" content=\"pl_PL\" \/>\n<meta property=\"og:type\" content=\"article\" \/>\n<meta property=\"og:title\" content=\"Systemy docieple\u0144 - Wilbud Materia\u0142y budowlane i opa\u0142owe Tomasz Bachniak\" \/>\n<meta property=\"og:description\" content=\"Systemy Docieple\u0144 Dysponujemy nowoczesnymi systemami docieple\u0144 budynk\u00f3w takich firm jak&nbsp;Sempre, Styline, Ake, Rockwool, Isovere, Austrotherm.&nbsp;Posiadamy r\u00f3wnie\u017c mieszalni\u0119 tynk\u00f3w oraz farb Sempre Znajdziecie u nas:\" \/>\n<meta property=\"og:url\" content=\"https:\/\/wilbud.com\/?page_id=493\" \/>\n<meta property=\"og:site_name\" content=\"Wilbud Materia\u0142y budowlane i opa\u0142owe Tomasz Bachniak\" \/>\n<meta property=\"article:modified_time\" content=\"2024-05-05T15:43:29+00:00\" \/>\n<meta property=\"og:image\" content=\"https:\/\/wilbud.com\/wp-content\/uploads\/2024\/05\/2017_03_25_IMG_2811.jpg\" \/>\n<meta name=\"twitter:card\" content=\"summary_large_image\" \/>\n<meta name=\"twitter:label1\" content=\"Szacowany czas czytania\" \/>\n\t<meta name=\"twitter:data1\" content=\"1 minuta\" \/>\n<script type=\"application\/ld+json\" class=\"yoast-schema-graph\">{\"@context\":\"https:\/\/schema.org\",\"@graph\":[{\"@type\":\"WebPage\",\"@id\":\"https:\/\/wilbud.com\/?page_id=493\",\"url\":\"https:\/\/wilbud.com\/?page_id=493\",\"name\":\"Systemy docieple\u0144 - Wilbud Materia\u0142y budowlane i opa\u0142owe Tomasz Bachniak\",\"isPartOf\":{\"@id\":\"https:\/\/wilbud.com\/#website\"},\"primaryImageOfPage\":{\"@id\":\"https:\/\/wilbud.com\/?page_id=493#primaryimage\"},\"image\":{\"@id\":\"https:\/\/wilbud.com\/?page_id=493#primaryimage\"},\"thumbnailUrl\":\"https:\/\/wilbud.com\/wp-content\/uploads\/2024\/05\/2017_03_25_IMG_2811.jpg\",\"datePublished\":\"2024-05-05T15:43:28+00:00\",\"dateModified\":\"2024-05-05T15:43:29+00:00\",\"breadcrumb\":{\"@id\":\"https:\/\/wilbud.com\/?page_id=493#breadcrumb\"},\"inLanguage\":\"pl-PL\",\"potentialAction\":[{\"@type\":\"ReadAction\",\"target\":[\"https:\/\/wilbud.com\/?page_id=493\"]}]},{\"@type\":\"ImageObject\",\"inLanguage\":\"pl-PL\",\"@id\":\"https:\/\/wilbud.com\/?page_id=493#primaryimage\",\"url\":\"https:\/\/wilbud.com\/wp-content\/uploads\/2024\/05\/2017_03_25_IMG_2811.jpg\",\"contentUrl\":\"https:\/\/wilbud.com\/wp-content\/uploads\/2024\/05\/2017_03_25_IMG_2811.jpg\",\"width\":1000,\"height\":667},{\"@type\":\"BreadcrumbList\",\"@id\":\"https:\/\/wilbud.com\/?page_id=493#breadcrumb\",\"itemListElement\":[{\"@type\":\"ListItem\",\"position\":1,\"name\":\"Strona g\u0142\u00f3wna\",\"item\":\"https:\/\/wilbud.com\/\"},{\"@type\":\"ListItem\",\"position\":2,\"name\":\"Systemy docieple\u0144\"}]},{\"@type\":\"WebSite\",\"@id\":\"https:\/\/wilbud.com\/#website\",\"url\":\"https:\/\/wilbud.com\/\",\"name\":\"Wilbud Materia\u0142y budowlane i opa\u0142owe Tomasz Bachniak\",\"description\":\"Godziny otwarcia: Poniedzia\u0142ek - Pi\u0105tek: 7:30 - 16:00&lt;br&gt;Sobota: 7:30 - 13:00\",\"publisher\":{\"@id\":\"https:\/\/wilbud.com\/#organization\"},\"inLanguage\":\"pl-PL\"},{\"@type\":\"Organization\",\"@id\":\"https:\/\/wilbud.com\/#organization\",\"name\":\"Wilbud Materia\u0142y budowlane i opa\u0142owe Tomasz Bachniak\",\"url\":\"https:\/\/wilbud.com\/\",\"logo\":{\"@type\":\"ImageObject\",\"inLanguage\":\"pl-PL\",\"@id\":\"https:\/\/wilbud.com\/#\/schema\/logo\/image\/\",\"url\":\"https:\/\/wilbud.com\/wp-content\/uploads\/2024\/04\/wilbud_logo.png\",\"contentUrl\":\"https:\/\/wilbud.com\/wp-content\/uploads\/2024\/04\/wilbud_logo.png\",\"width\":353,\"height\":154,\"caption\":\"Wilbud Materia\u0142y budowlane i opa\u0142owe Tomasz Bachniak\"},\"image\":{\"@id\":\"https:\/\/wilbud.com\/#\/schema\/logo\/image\/\"}}]}<\/script>\n<!-- \/ Yoast SEO plugin. -->","yoast_head_json":{"title":"Systemy docieple\u0144 - Wilbud Materia\u0142y budowlane i opa\u0142owe Tomasz Bachniak","robots":{"index":"index","follow":"follow","max-snippet":"max-snippet:-1","max-image-preview":"max-image-preview:large","max-video-preview":"max-video-preview:-1"},"canonical":"https:\/\/wilbud.com\/?page_id=493","og_locale":"pl_PL","og_type":"article","og_title":"Systemy docieple\u0144 - Wilbud Materia\u0142y budowlane i opa\u0142owe Tomasz Bachniak","og_description":"Systemy Docieple\u0144 Dysponujemy nowoczesnymi systemami docieple\u0144 budynk\u00f3w takich firm jak&nbsp;Sempre, Styline, Ake, Rockwool, Isovere, Austrotherm.&nbsp;Posiadamy r\u00f3wnie\u017c mieszalni\u0119 tynk\u00f3w oraz farb Sempre Znajdziecie u nas:","og_url":"https:\/\/wilbud.com\/?page_id=493","og_site_name":"Wilbud Materia\u0142y budowlane i opa\u0142owe Tomasz Bachniak","article_modified_time":"2024-05-05T15:43:29+00:00","og_image":[{"url":"https:\/\/wilbud.com\/wp-content\/uploads\/2024\/05\/2017_03_25_IMG_2811.jpg","type":"","width":"","height":""}],"twitter_card":"summary_large_image","twitter_misc":{"Szacowany czas czytania":"1 minuta"},"schema":{"@context":"https:\/\/schema.org","@graph":[{"@type":"WebPage","@id":"https:\/\/wilbud.com\/?page_id=493","url":"https:\/\/wilbud.com\/?page_id=493","name":"Systemy docieple\u0144 - Wilbud Materia\u0142y budowlane i opa\u0142owe Tomasz Bachniak","isPartOf":{"@id":"https:\/\/wilbud.com\/#website"},"primaryImageOfPage":{"@id":"https:\/\/wilbud.com\/?page_id=493#primaryimage"},"image":{"@id":"https:\/\/wilbud.com\/?page_id=493#primaryimage"},"thumbnailUrl":"https:\/\/wilbud.com\/wp-content\/uploads\/2024\/05\/2017_03_25_IMG_2811.jpg","datePublished":"2024-05-05T15:43:28+00:00","dateModified":"2024-05-05T15:43:29+00:00","breadcrumb":{"@id":"https:\/\/wilbud.com\/?page_id=493#breadcrumb"},"inLanguage":"pl-PL","potentialAction":[{"@type":"ReadAction","target":["https:\/\/wilbud.com\/?page_id=493"]}]},{"@type":"ImageObject","inLanguage":"pl-PL","@id":"https:\/\/wilbud.com\/?page_id=493#primaryimage","url":"https:\/\/wilbud.com\/wp-content\/uploads\/2024\/05\/2017_03_25_IMG_2811.jpg","contentUrl":"https:\/\/wilbud.com\/wp-content\/uploads\/2024\/05\/2017_03_25_IMG_2811.jpg","width":1000,"height":667},{"@type":"BreadcrumbList","@id":"https:\/\/wilbud.com\/?page_id=493#breadcrumb","itemListElement":[{"@type":"ListItem","position":1,"name":"Strona g\u0142\u00f3wna","item":"https:\/\/wilbud.com\/"},{"@type":"ListItem","position":2,"name":"Systemy docieple\u0144"}]},{"@type":"WebSite","@id":"https:\/\/wilbud.com\/#website","url":"https:\/\/wilbud.com\/","name":"Wilbud Materia\u0142y budowlane i opa\u0142owe Tomasz Bachniak","description":"Godziny otwarcia: Poniedzia\u0142ek - Pi\u0105tek: 7:30 - 16:00&lt;br&gt;Sobota: 7:30 - 13:00","publisher":{"@id":"https:\/\/wilbud.com\/#organization"},"inLanguage":"pl-PL"},{"@type":"Organization","@id":"https:\/\/wilbud.com\/#organization","name":"Wilbud Materia\u0142y budowlane i opa\u0142owe Tomasz Bachniak","url":"https:\/\/wilbud.com\/","logo":{"@type":"ImageObject","inLanguage":"pl-PL","@id":"https:\/\/wilbud.com\/#\/schema\/logo\/image\/","url":"https:\/\/wilbud.com\/wp-content\/uploads\/2024\/04\/wilbud_logo.png","contentUrl":"https:\/\/wilbud.com\/wp-content\/uploads\/2024\/04\/wilbud_logo.png","width":353,"height":154,"caption":"Wilbud Materia\u0142y budowlane i opa\u0142owe Tomasz Bachniak"},"image":{"@id":"https:\/\/wilbud.com\/#\/schema\/logo\/image\/"}}]}},"featured_image_src":"","featured_image_src_square":false,"rbea_author_info":{"display_name":"adminwilbud","author_link":"https:\/\/wilbud.com\/?author=1"},"rbea_excerpt_info":"Systemy Docieple\u0144 Dysponujemy nowoczesnymi systemami docieple\u0144 budynk\u00f3w takich firm jak&nbsp;Sempre, Styline, Ake, Rockwool, Isovere, Austrotherm.&nbsp;Posiadamy r\u00f3wnie\u017c mieszalni\u0119 tynk\u00f3w oraz farb Sempre Znajdziecie u nas:","_links":{"self":[{"href":"https:\/\/wilbud.com\/index.php?rest_route=\/wp\/v2\/pages\/493","targetHints":{"allow":["GET"]}}],"collection":[{"href":"https:\/\/wilbud.com\/index.php?rest_route=\/wp\/v2\/pages"}],"about":[{"href":"https:\/\/wilbud.com\/index.php?rest_route=\/wp\/v2\/types\/page"}],"author":[{"embeddable":true,"href":"https:\/\/wilbud.com\/index.php?rest_route=\/wp\/v2\/users\/1"}],"replies":[{"embeddable":true,"href":"https:\/\/wilbud.com\/index.php?rest_route=%2Fwp%2Fv2%2Fcomments&post=493"}],"version-history":[{"count":1,"href":"https:\/\/wilbud.com\/index.php?rest_route=\/wp\/v2\/pages\/493\/revisions"}],"predecessor-version":[{"id":494,"href":"https:\/\/wilbud.com\/index.php?rest_route=\/wp\/v2\/pages\/493\/revisions\/494"}],"wp:attachment":[{"href":"https:\/\/wilbud.com\/index.php?rest_route=%2Fwp%2Fv2%2Fmedia&parent=493"}],"curies":[{"name":"wp","href":"https:\/\/api.w.org\/{rel}","templated":true}]}}