{"id":487,"date":"2024-05-05T17:26:42","date_gmt":"2024-05-05T15:26:42","guid":{"rendered":"https:\/\/wilbud.com\/?page_id=487"},"modified":"2024-05-05T17:26:43","modified_gmt":"2024-05-05T15:26:43","slug":"narzedzia-i-elektronarzedzia","status":"publish","type":"page","link":"https:\/\/wilbud.com\/?page_id=487","title":{"rendered":"Narz\u0119dzia i elektronarz\u0119dzia"},"content":{"rendered":"\n<div style=\"height:52px\" aria-hidden=\"true\" class=\"wp-block-spacer\"><\/div>\n\n\n\n<div class=\"wp-block-columns alignwide is-layout-flex wp-container-core-columns-is-layout-28f84493 wp-block-columns-is-layout-flex\">\n<div class=\"wp-block-column is-layout-flow wp-block-column-is-layout-flow\">\n<h1 class=\"wp-block-heading\" id=\"narzedzia\">Narz\u0119dzia i Elektronarz\u0119dzia<\/h1>\n\n\n\n<p>Wychodz\u0105c naprzeciw oczekiwaniom naszych klient\u00f3w w sta\u0142ej sprzeda\u017cy posiadamy narz\u0119dzia, elektronarz\u0119dzia, narz\u0119dzia typu SAS oraz narz\u0119dzia ogrodowe. Ponadto nasz asortyment obejmuje materia\u0142y \u015bcierne do obr\u00f3bki drewna oraz metalu, a tak\u017ce r\u00f3\u017cnego rodzaju tarcze. Znajdziecie u nas produkty takich marek, jak&nbsp;<strong>Dedra, Fiskars, Stalco, Makita oraz Klingspor<\/strong>.<\/p>\n<\/div>\n\n\n\n<div class=\"wp-block-column is-layout-flow wp-block-column-is-layout-flow\">\n<figure class=\"wp-block-image aligncenter size-full is-resized\"><img loading=\"lazy\" decoding=\"async\" width=\"1000\" height=\"667\" src=\"https:\/\/wilbud.com\/wp-content\/uploads\/2024\/05\/2017_03_25_IMG_2846.jpg\" alt=\"\" class=\"wp-image-443\" style=\"width:496px;height:auto\" srcset=\"https:\/\/wilbud.com\/wp-content\/uploads\/2024\/05\/2017_03_25_IMG_2846.jpg 1000w, https:\/\/wilbud.com\/wp-content\/uploads\/2024\/05\/2017_03_25_IMG_2846-300x200.jpg 300w, https:\/\/wilbud.com\/wp-content\/uploads\/2024\/05\/2017_03_25_IMG_2846-768x512.jpg 768w\" sizes=\"auto, (max-width: 1000px) 100vw, 1000px\" \/><\/figure>\n<\/div>\n<\/div>\n\n\n\n<div style=\"height:52px\" aria-hidden=\"true\" class=\"wp-block-spacer\"><\/div>\n","protected":false},"excerpt":{"rendered":"<p>Narz\u0119dzia i Elektronarz\u0119dzia Wychodz\u0105c naprzeciw oczekiwaniom naszych klient\u00f3w w sta\u0142ej sprzeda\u017cy posiadamy narz\u0119dzia, elektronarz\u0119dzia, narz\u0119dzia typu SAS oraz narz\u0119dzia ogrodowe. Ponadto nasz asortyment obejmuje materia\u0142y \u015bcierne do obr\u00f3bki drewna oraz metalu, a tak\u017ce r\u00f3\u017cnego rodzaju tarcze. Znajdziecie u nas produkty takich marek, jak&nbsp;Dedra, Fiskars, Stalco, Makita oraz Klingspor.<\/p>\n","protected":false},"author":1,"featured_media":0,"parent":0,"menu_order":0,"comment_status":"closed","ping_status":"closed","template":"","meta":{"_eb_attr":"","footnotes":""},"class_list":["post-487","page","type-page","status-publish","hentry"],"yoast_head":"<!-- This site is optimized with the Yoast SEO plugin v24.3 - https:\/\/yoast.com\/wordpress\/plugins\/seo\/ -->\n<title>Narz\u0119dzia i elektronarz\u0119dzia - Wilbud Materia\u0142y budowlane i opa\u0142owe Tomasz Bachniak<\/title>\n<meta name=\"robots\" content=\"index, follow, max-snippet:-1, max-image-preview:large, max-video-preview:-1\" \/>\n<link rel=\"canonical\" href=\"https:\/\/wilbud.com\/?page_id=487\" \/>\n<meta property=\"og:locale\" content=\"pl_PL\" \/>\n<meta property=\"og:type\" content=\"article\" \/>\n<meta property=\"og:title\" content=\"Narz\u0119dzia i elektronarz\u0119dzia - Wilbud Materia\u0142y budowlane i opa\u0142owe Tomasz Bachniak\" \/>\n<meta property=\"og:description\" content=\"Narz\u0119dzia i Elektronarz\u0119dzia Wychodz\u0105c naprzeciw oczekiwaniom naszych klient\u00f3w w sta\u0142ej sprzeda\u017cy posiadamy narz\u0119dzia, elektronarz\u0119dzia, narz\u0119dzia typu SAS oraz narz\u0119dzia ogrodowe. Ponadto nasz asortyment obejmuje materia\u0142y \u015bcierne do obr\u00f3bki drewna oraz metalu, a tak\u017ce r\u00f3\u017cnego rodzaju tarcze. Znajdziecie u nas produkty takich marek, jak&nbsp;Dedra, Fiskars, Stalco, Makita oraz Klingspor.\" \/>\n<meta property=\"og:url\" content=\"https:\/\/wilbud.com\/?page_id=487\" \/>\n<meta property=\"og:site_name\" content=\"Wilbud Materia\u0142y budowlane i opa\u0142owe Tomasz Bachniak\" \/>\n<meta property=\"article:modified_time\" content=\"2024-05-05T15:26:43+00:00\" \/>\n<meta property=\"og:image\" content=\"https:\/\/wilbud.com\/wp-content\/uploads\/2024\/05\/2017_03_25_IMG_2846.jpg\" \/>\n<meta name=\"twitter:card\" content=\"summary_large_image\" \/>\n<meta name=\"twitter:label1\" content=\"Szacowany czas czytania\" \/>\n\t<meta name=\"twitter:data1\" content=\"1 minuta\" \/>\n<script type=\"application\/ld+json\" class=\"yoast-schema-graph\">{\"@context\":\"https:\/\/schema.org\",\"@graph\":[{\"@type\":\"WebPage\",\"@id\":\"https:\/\/wilbud.com\/?page_id=487\",\"url\":\"https:\/\/wilbud.com\/?page_id=487\",\"name\":\"Narz\u0119dzia i elektronarz\u0119dzia - Wilbud Materia\u0142y budowlane i opa\u0142owe Tomasz Bachniak\",\"isPartOf\":{\"@id\":\"https:\/\/wilbud.com\/#website\"},\"primaryImageOfPage\":{\"@id\":\"https:\/\/wilbud.com\/?page_id=487#primaryimage\"},\"image\":{\"@id\":\"https:\/\/wilbud.com\/?page_id=487#primaryimage\"},\"thumbnailUrl\":\"https:\/\/wilbud.com\/wp-content\/uploads\/2024\/05\/2017_03_25_IMG_2846.jpg\",\"datePublished\":\"2024-05-05T15:26:42+00:00\",\"dateModified\":\"2024-05-05T15:26:43+00:00\",\"breadcrumb\":{\"@id\":\"https:\/\/wilbud.com\/?page_id=487#breadcrumb\"},\"inLanguage\":\"pl-PL\",\"potentialAction\":[{\"@type\":\"ReadAction\",\"target\":[\"https:\/\/wilbud.com\/?page_id=487\"]}]},{\"@type\":\"ImageObject\",\"inLanguage\":\"pl-PL\",\"@id\":\"https:\/\/wilbud.com\/?page_id=487#primaryimage\",\"url\":\"https:\/\/wilbud.com\/wp-content\/uploads\/2024\/05\/2017_03_25_IMG_2846.jpg\",\"contentUrl\":\"https:\/\/wilbud.com\/wp-content\/uploads\/2024\/05\/2017_03_25_IMG_2846.jpg\",\"width\":1000,\"height\":667},{\"@type\":\"BreadcrumbList\",\"@id\":\"https:\/\/wilbud.com\/?page_id=487#breadcrumb\",\"itemListElement\":[{\"@type\":\"ListItem\",\"position\":1,\"name\":\"Strona g\u0142\u00f3wna\",\"item\":\"https:\/\/wilbud.com\/\"},{\"@type\":\"ListItem\",\"position\":2,\"name\":\"Narz\u0119dzia i elektronarz\u0119dzia\"}]},{\"@type\":\"WebSite\",\"@id\":\"https:\/\/wilbud.com\/#website\",\"url\":\"https:\/\/wilbud.com\/\",\"name\":\"Wilbud Materia\u0142y budowlane i opa\u0142owe Tomasz Bachniak\",\"description\":\"Godziny otwarcia: Poniedzia\u0142ek - Pi\u0105tek: 7:30 - 16:00&lt;br&gt;Sobota: 7:30 - 13:00\",\"publisher\":{\"@id\":\"https:\/\/wilbud.com\/#organization\"},\"inLanguage\":\"pl-PL\"},{\"@type\":\"Organization\",\"@id\":\"https:\/\/wilbud.com\/#organization\",\"name\":\"Wilbud Materia\u0142y budowlane i opa\u0142owe Tomasz Bachniak\",\"url\":\"https:\/\/wilbud.com\/\",\"logo\":{\"@type\":\"ImageObject\",\"inLanguage\":\"pl-PL\",\"@id\":\"https:\/\/wilbud.com\/#\/schema\/logo\/image\/\",\"url\":\"https:\/\/wilbud.com\/wp-content\/uploads\/2024\/04\/wilbud_logo.png\",\"contentUrl\":\"https:\/\/wilbud.com\/wp-content\/uploads\/2024\/04\/wilbud_logo.png\",\"width\":353,\"height\":154,\"caption\":\"Wilbud Materia\u0142y budowlane i opa\u0142owe Tomasz Bachniak\"},\"image\":{\"@id\":\"https:\/\/wilbud.com\/#\/schema\/logo\/image\/\"}}]}<\/script>\n<!-- \/ Yoast SEO plugin. -->","yoast_head_json":{"title":"Narz\u0119dzia i elektronarz\u0119dzia - Wilbud Materia\u0142y budowlane i opa\u0142owe Tomasz Bachniak","robots":{"index":"index","follow":"follow","max-snippet":"max-snippet:-1","max-image-preview":"max-image-preview:large","max-video-preview":"max-video-preview:-1"},"canonical":"https:\/\/wilbud.com\/?page_id=487","og_locale":"pl_PL","og_type":"article","og_title":"Narz\u0119dzia i elektronarz\u0119dzia - Wilbud Materia\u0142y budowlane i opa\u0142owe Tomasz Bachniak","og_description":"Narz\u0119dzia i Elektronarz\u0119dzia Wychodz\u0105c naprzeciw oczekiwaniom naszych klient\u00f3w w sta\u0142ej sprzeda\u017cy posiadamy narz\u0119dzia, elektronarz\u0119dzia, narz\u0119dzia typu SAS oraz narz\u0119dzia ogrodowe. Ponadto nasz asortyment obejmuje materia\u0142y \u015bcierne do obr\u00f3bki drewna oraz metalu, a tak\u017ce r\u00f3\u017cnego rodzaju tarcze. Znajdziecie u nas produkty takich marek, jak&nbsp;Dedra, Fiskars, Stalco, Makita oraz Klingspor.","og_url":"https:\/\/wilbud.com\/?page_id=487","og_site_name":"Wilbud Materia\u0142y budowlane i opa\u0142owe Tomasz Bachniak","article_modified_time":"2024-05-05T15:26:43+00:00","og_image":[{"url":"https:\/\/wilbud.com\/wp-content\/uploads\/2024\/05\/2017_03_25_IMG_2846.jpg","type":"","width":"","height":""}],"twitter_card":"summary_large_image","twitter_misc":{"Szacowany czas czytania":"1 minuta"},"schema":{"@context":"https:\/\/schema.org","@graph":[{"@type":"WebPage","@id":"https:\/\/wilbud.com\/?page_id=487","url":"https:\/\/wilbud.com\/?page_id=487","name":"Narz\u0119dzia i elektronarz\u0119dzia - Wilbud Materia\u0142y budowlane i opa\u0142owe Tomasz Bachniak","isPartOf":{"@id":"https:\/\/wilbud.com\/#website"},"primaryImageOfPage":{"@id":"https:\/\/wilbud.com\/?page_id=487#primaryimage"},"image":{"@id":"https:\/\/wilbud.com\/?page_id=487#primaryimage"},"thumbnailUrl":"https:\/\/wilbud.com\/wp-content\/uploads\/2024\/05\/2017_03_25_IMG_2846.jpg","datePublished":"2024-05-05T15:26:42+00:00","dateModified":"2024-05-05T15:26:43+00:00","breadcrumb":{"@id":"https:\/\/wilbud.com\/?page_id=487#breadcrumb"},"inLanguage":"pl-PL","potentialAction":[{"@type":"ReadAction","target":["https:\/\/wilbud.com\/?page_id=487"]}]},{"@type":"ImageObject","inLanguage":"pl-PL","@id":"https:\/\/wilbud.com\/?page_id=487#primaryimage","url":"https:\/\/wilbud.com\/wp-content\/uploads\/2024\/05\/2017_03_25_IMG_2846.jpg","contentUrl":"https:\/\/wilbud.com\/wp-content\/uploads\/2024\/05\/2017_03_25_IMG_2846.jpg","width":1000,"height":667},{"@type":"BreadcrumbList","@id":"https:\/\/wilbud.com\/?page_id=487#breadcrumb","itemListElement":[{"@type":"ListItem","position":1,"name":"Strona g\u0142\u00f3wna","item":"https:\/\/wilbud.com\/"},{"@type":"ListItem","position":2,"name":"Narz\u0119dzia i elektronarz\u0119dzia"}]},{"@type":"WebSite","@id":"https:\/\/wilbud.com\/#website","url":"https:\/\/wilbud.com\/","name":"Wilbud Materia\u0142y budowlane i opa\u0142owe Tomasz Bachniak","description":"Godziny otwarcia: Poniedzia\u0142ek - Pi\u0105tek: 7:30 - 16:00&lt;br&gt;Sobota: 7:30 - 13:00","publisher":{"@id":"https:\/\/wilbud.com\/#organization"},"inLanguage":"pl-PL"},{"@type":"Organization","@id":"https:\/\/wilbud.com\/#organization","name":"Wilbud Materia\u0142y budowlane i opa\u0142owe Tomasz Bachniak","url":"https:\/\/wilbud.com\/","logo":{"@type":"ImageObject","inLanguage":"pl-PL","@id":"https:\/\/wilbud.com\/#\/schema\/logo\/image\/","url":"https:\/\/wilbud.com\/wp-content\/uploads\/2024\/04\/wilbud_logo.png","contentUrl":"https:\/\/wilbud.com\/wp-content\/uploads\/2024\/04\/wilbud_logo.png","width":353,"height":154,"caption":"Wilbud Materia\u0142y budowlane i opa\u0142owe Tomasz Bachniak"},"image":{"@id":"https:\/\/wilbud.com\/#\/schema\/logo\/image\/"}}]}},"featured_image_src":"","featured_image_src_square":false,"rbea_author_info":{"display_name":"adminwilbud","author_link":"https:\/\/wilbud.com\/?author=1"},"rbea_excerpt_info":"Narz\u0119dzia i Elektronarz\u0119dzia Wychodz\u0105c naprzeciw oczekiwaniom naszych klient\u00f3w w sta\u0142ej sprzeda\u017cy posiadamy narz\u0119dzia, elektronarz\u0119dzia, narz\u0119dzia typu SAS oraz narz\u0119dzia ogrodowe. Ponadto nasz asortyment obejmuje materia\u0142y \u015bcierne do obr\u00f3bki drewna oraz metalu, a tak\u017ce r\u00f3\u017cnego rodzaju tarcze. Znajdziecie u nas produkty takich marek, jak&nbsp;Dedra, Fiskars, Stalco, Makita oraz Klingspor.","_links":{"self":[{"href":"https:\/\/wilbud.com\/index.php?rest_route=\/wp\/v2\/pages\/487","targetHints":{"allow":["GET"]}}],"collection":[{"href":"https:\/\/wilbud.com\/index.php?rest_route=\/wp\/v2\/pages"}],"about":[{"href":"https:\/\/wilbud.com\/index.php?rest_route=\/wp\/v2\/types\/page"}],"author":[{"embeddable":true,"href":"https:\/\/wilbud.com\/index.php?rest_route=\/wp\/v2\/users\/1"}],"replies":[{"embeddable":true,"href":"https:\/\/wilbud.com\/index.php?rest_route=%2Fwp%2Fv2%2Fcomments&post=487"}],"version-history":[{"count":1,"href":"https:\/\/wilbud.com\/index.php?rest_route=\/wp\/v2\/pages\/487\/revisions"}],"predecessor-version":[{"id":488,"href":"https:\/\/wilbud.com\/index.php?rest_route=\/wp\/v2\/pages\/487\/revisions\/488"}],"wp:attachment":[{"href":"https:\/\/wilbud.com\/index.php?rest_route=%2Fwp%2Fv2%2Fmedia&parent=487"}],"curies":[{"name":"wp","href":"https:\/\/api.w.org\/{rel}","templated":true}]}}