{"id":157,"date":"2024-04-30T15:32:02","date_gmt":"2024-04-30T13:32:02","guid":{"rendered":"https:\/\/wilbud.com\/?page_id=157"},"modified":"2024-05-05T18:55:33","modified_gmt":"2024-05-05T16:55:33","slug":"o-nas","status":"publish","type":"page","link":"https:\/\/wilbud.com\/?page_id=157","title":{"rendered":"O NAS"},"content":{"rendered":"\n<div class=\"wp-block-columns alignfull is-layout-flex wp-container-core-columns-is-layout-28f84493 wp-block-columns-is-layout-flex\">\n<div class=\"wp-block-column is-layout-flow wp-block-column-is-layout-flow\" style=\"padding-top:var(--wp--preset--spacing--10);padding-bottom:var(--wp--preset--spacing--10)\" data-aos=\"slide-right\" data-aos-delay=\"300\" data-aos-duration=\"1000\">\n<div class=\"wp-block-responsive-block-editor-addons-section alignfull responsive-block-editor-addons-block-section-outer-wrap block-2a1c9331-aece-4afb-a28b-6adee122275b background-type-image alignfull\"><section class=\"responsive-section-wrap responsive-block-editor-addons-block-section overlay-type-color linear\"><div class=\"responsive-section-inner-wrap\">\n<h2 class=\"wp-block-heading has-text-align-center has-base-2-color has-text-color has-link-color has-barlow-font-family wp-elements-6a3653361744c0cf710e41f9d76368ea\" style=\"margin-top:0;margin-bottom:0;padding-top:var(--wp--preset--spacing--10);padding-right:var(--wp--preset--spacing--20);padding-bottom:var(--wp--preset--spacing--10);padding-left:var(--wp--preset--spacing--20)\">Firma Wilbud dzia\u0142a na rynku od <strong>2013 <\/strong>roku.<\/h2>\n<\/div><\/section><\/div>\n\n\n\n<p style=\"padding-top:var(--wp--preset--spacing--10);padding-right:var(--wp--preset--spacing--20);padding-bottom:var(--wp--preset--spacing--10);padding-left:var(--wp--preset--spacing--20)\">Jeste\u015bmy sk\u0142adem materia\u0142\u00f3w budowlanych i opa\u0142owych, nowoczesnym, pr\u0119\u017cnie rozwijaj\u0105cym si\u0119, od samego pocz\u0105tku stawiaj\u0105cym na rozw\u00f3j. Swoj\u0105 dzia\u0142alno\u015b\u0107 opieramy na dystrybucji materia\u0142\u00f3w budowlanych, opa\u0142u oraz \u015bwiadczeniu us\u0142ug transportowych. Dzia\u0142amy na rynku wsp\u00f3\u0142pracuj\u0105c z najlepszymi producentami oraz dystrybutorami. Szeroki asortyment obejmuje nie tylko materia\u0142y budowlane ale r\u00f3wnie\u017c elektryk\u0119, farby, narz\u0119dzia, systemy zamocowa\u0144 i wiele innych przydatnych rzeczy w budownictwie i nie tylko.<\/p>\n\n\n\n<p style=\"padding-top:0;padding-right:var(--wp--preset--spacing--20);padding-bottom:0;padding-left:var(--wp--preset--spacing--20)\">Naszym nadrz\u0119dnym celem jest zadowolenie i satysfakcja naszych Klient\u00f3w, dlatego nieustannie poszerzamy nasz\u0105 ofert\u0119 i wprowadzamy najnowsze produkty. Je\u015bli potrzebuj\u0105 Pa\u0144stwo produkt\u00f3w, kt\u00f3rych aktualnie nie posiadamy w bogatej ofercie magazynowej, sprowadzamy je dla Pa\u0144stwa. Staramy si\u0119 sprosta\u0107 nawet najbardziej wyszukanym wymaganiom naszych Klient\u00f3w.<\/p>\n\n\n\n<p style=\"padding-top:var(--wp--preset--spacing--10);padding-right:var(--wp--preset--spacing--20);padding-bottom:var(--wp--preset--spacing--10);padding-left:var(--wp--preset--spacing--20)\">Atutem naszej firmy s\u0105 tak\u017ce atrakcyjne i konkurencyjne ceny. Dla naszych sta\u0142ych Klient\u00f3w oferujemy bogaty wachlarz upust\u00f3w i promocji.<\/p>\n\n\n\n<p style=\"padding-top:var(--wp--preset--spacing--10);padding-right:var(--wp--preset--spacing--20);padding-bottom:var(--wp--preset--spacing--10);padding-left:var(--wp--preset--spacing--20)\">Nasi Klienci nie musz\u0105 martwi\u0107 si\u0119 o transport. Mo\u017cemy dostarczy\u0107 materia\u0142y budowlane jak i opa\u0142 tam, gdzie to jest konieczne.<\/p>\n<\/div>\n\n\n\n<div class=\"wp-block-column is-layout-flow wp-block-column-is-layout-flow\" style=\"padding-top:var(--wp--preset--spacing--10);padding-right:var(--wp--preset--spacing--20);padding-bottom:var(--wp--preset--spacing--10);padding-left:var(--wp--preset--spacing--20)\">\n<figure class=\"wp-block-image aligncenter size-large is-resized\" data-aos=\"zoom-out-left\" data-aos-duration=\"900\"><img loading=\"lazy\" decoding=\"async\" width=\"1024\" height=\"682\" src=\"https:\/\/wilbud.com\/wp-content\/uploads\/2024\/05\/DJI_0655-\u2014-kopia-2-1024x682.jpg\" alt=\"\" class=\"wp-image-302\" style=\"width:709px;height:auto\" srcset=\"https:\/\/wilbud.com\/wp-content\/uploads\/2024\/05\/DJI_0655-\u2014-kopia-2-1024x682.jpg 1024w, https:\/\/wilbud.com\/wp-content\/uploads\/2024\/05\/DJI_0655-\u2014-kopia-2-300x200.jpg 300w, https:\/\/wilbud.com\/wp-content\/uploads\/2024\/05\/DJI_0655-\u2014-kopia-2-768x512.jpg 768w, https:\/\/wilbud.com\/wp-content\/uploads\/2024\/05\/DJI_0655-\u2014-kopia-2.jpg 1300w\" sizes=\"auto, (max-width: 1024px) 100vw, 1024px\" \/><\/figure>\n\n\n\n<h2 class=\"wp-block-heading has-text-align-center\" style=\"padding-top:var(--wp--preset--spacing--10);padding-right:0;padding-bottom:var(--wp--preset--spacing--10);padding-left:0\" data-aos=\"slide-up\" data-aos-delay=\"250\" data-aos-duration=\"650\">POZNAJMY SI\u0118 LEPIEJ, <strong>ZAPRASZAMY<\/strong>.<\/h2>\n\n\n\n<div class=\"wp-block-essential-blocks-button\" data-aos=\"slide-left\" data-aos-delay=\"250\" data-aos-duration=\"950\"><div class=\"eb-parent-wrapper eb-parent-eb-button-w7eqz \"><div class=\"eb-button-wrapper eb-button-alignment eb-button-w7eqz\"><div class=\"eb-button\"><a class=\"eb-button-anchor\" href=\"https:\/\/wilbud.com\/?page_id=133\" rel=\"noopener\"><strong>Nasza lokalizacja<\/strong><\/a><\/div><\/div><\/div><\/div>\n<\/div>\n<\/div>\n","protected":false},"excerpt":{"rendered":"<p>Jeste\u015bmy sk\u0142adem materia\u0142\u00f3w budowlanych i opa\u0142owych, nowoczesnym, pr\u0119\u017cnie rozwijaj\u0105cym si\u0119, od samego pocz\u0105tku stawiaj\u0105cym na rozw\u00f3j. Swoj\u0105 dzia\u0142alno\u015b\u0107 opieramy na dystrybucji materia\u0142\u00f3w budowlanych, opa\u0142u oraz \u015bwiadczeniu us\u0142ug transportowych. Dzia\u0142amy na rynku wsp\u00f3\u0142pracuj\u0105c z najlepszymi producentami oraz dystrybutorami. Szeroki asortyment obejmuje nie tylko materia\u0142y budowlane ale r\u00f3wnie\u017c elektryk\u0119, farby, narz\u0119dzia, systemy zamocowa\u0144 i wiele innych przydatnych [&hellip;]<\/p>\n","protected":false},"author":1,"featured_media":0,"parent":0,"menu_order":0,"comment_status":"closed","ping_status":"closed","template":"","meta":{"_eb_attr":"","footnotes":""},"class_list":["post-157","page","type-page","status-publish","hentry"],"yoast_head":"<!-- This site is optimized with the Yoast SEO plugin v24.3 - https:\/\/yoast.com\/wordpress\/plugins\/seo\/ -->\n<title>O NAS - Wilbud Materia\u0142y budowlane i opa\u0142owe Tomasz Bachniak<\/title>\n<meta name=\"robots\" content=\"index, follow, max-snippet:-1, max-image-preview:large, max-video-preview:-1\" \/>\n<link rel=\"canonical\" href=\"https:\/\/wilbud.com\/?page_id=157\" \/>\n<meta property=\"og:locale\" content=\"pl_PL\" \/>\n<meta property=\"og:type\" content=\"article\" \/>\n<meta property=\"og:title\" content=\"O NAS - Wilbud Materia\u0142y budowlane i opa\u0142owe Tomasz Bachniak\" \/>\n<meta property=\"og:description\" content=\"Jeste\u015bmy sk\u0142adem materia\u0142\u00f3w budowlanych i opa\u0142owych, nowoczesnym, pr\u0119\u017cnie rozwijaj\u0105cym si\u0119, od samego pocz\u0105tku stawiaj\u0105cym na rozw\u00f3j. Swoj\u0105 dzia\u0142alno\u015b\u0107 opieramy na dystrybucji materia\u0142\u00f3w budowlanych, opa\u0142u oraz \u015bwiadczeniu us\u0142ug transportowych. Dzia\u0142amy na rynku wsp\u00f3\u0142pracuj\u0105c z najlepszymi producentami oraz dystrybutorami. Szeroki asortyment obejmuje nie tylko materia\u0142y budowlane ale r\u00f3wnie\u017c elektryk\u0119, farby, narz\u0119dzia, systemy zamocowa\u0144 i wiele innych przydatnych [&hellip;]\" \/>\n<meta property=\"og:url\" content=\"https:\/\/wilbud.com\/?page_id=157\" \/>\n<meta property=\"og:site_name\" content=\"Wilbud Materia\u0142y budowlane i opa\u0142owe Tomasz Bachniak\" \/>\n<meta property=\"article:modified_time\" content=\"2024-05-05T16:55:33+00:00\" \/>\n<meta name=\"twitter:card\" content=\"summary_large_image\" \/>\n<meta name=\"twitter:label1\" content=\"Szacowany czas czytania\" \/>\n\t<meta name=\"twitter:data1\" content=\"2 minuty\" \/>\n<script type=\"application\/ld+json\" class=\"yoast-schema-graph\">{\"@context\":\"https:\/\/schema.org\",\"@graph\":[{\"@type\":\"WebPage\",\"@id\":\"https:\/\/wilbud.com\/?page_id=157\",\"url\":\"https:\/\/wilbud.com\/?page_id=157\",\"name\":\"O NAS - Wilbud Materia\u0142y budowlane i opa\u0142owe Tomasz Bachniak\",\"isPartOf\":{\"@id\":\"https:\/\/wilbud.com\/#website\"},\"datePublished\":\"2024-04-30T13:32:02+00:00\",\"dateModified\":\"2024-05-05T16:55:33+00:00\",\"breadcrumb\":{\"@id\":\"https:\/\/wilbud.com\/?page_id=157#breadcrumb\"},\"inLanguage\":\"pl-PL\",\"potentialAction\":[{\"@type\":\"ReadAction\",\"target\":[\"https:\/\/wilbud.com\/?page_id=157\"]}]},{\"@type\":\"BreadcrumbList\",\"@id\":\"https:\/\/wilbud.com\/?page_id=157#breadcrumb\",\"itemListElement\":[{\"@type\":\"ListItem\",\"position\":1,\"name\":\"Strona g\u0142\u00f3wna\",\"item\":\"https:\/\/wilbud.com\/\"},{\"@type\":\"ListItem\",\"position\":2,\"name\":\"O NAS\"}]},{\"@type\":\"WebSite\",\"@id\":\"https:\/\/wilbud.com\/#website\",\"url\":\"https:\/\/wilbud.com\/\",\"name\":\"Wilbud Materia\u0142y budowlane i opa\u0142owe Tomasz Bachniak\",\"description\":\"Godziny otwarcia: Poniedzia\u0142ek - Pi\u0105tek: 7:30 - 16:00&lt;br&gt;Sobota: 7:30 - 13:00\",\"publisher\":{\"@id\":\"https:\/\/wilbud.com\/#organization\"},\"inLanguage\":\"pl-PL\"},{\"@type\":\"Organization\",\"@id\":\"https:\/\/wilbud.com\/#organization\",\"name\":\"Wilbud Materia\u0142y budowlane i opa\u0142owe Tomasz Bachniak\",\"url\":\"https:\/\/wilbud.com\/\",\"logo\":{\"@type\":\"ImageObject\",\"inLanguage\":\"pl-PL\",\"@id\":\"https:\/\/wilbud.com\/#\/schema\/logo\/image\/\",\"url\":\"https:\/\/wilbud.com\/wp-content\/uploads\/2024\/04\/wilbud_logo.png\",\"contentUrl\":\"https:\/\/wilbud.com\/wp-content\/uploads\/2024\/04\/wilbud_logo.png\",\"width\":353,\"height\":154,\"caption\":\"Wilbud Materia\u0142y budowlane i opa\u0142owe Tomasz Bachniak\"},\"image\":{\"@id\":\"https:\/\/wilbud.com\/#\/schema\/logo\/image\/\"}}]}<\/script>\n<!-- \/ Yoast SEO plugin. -->","yoast_head_json":{"title":"O NAS - Wilbud Materia\u0142y budowlane i opa\u0142owe Tomasz Bachniak","robots":{"index":"index","follow":"follow","max-snippet":"max-snippet:-1","max-image-preview":"max-image-preview:large","max-video-preview":"max-video-preview:-1"},"canonical":"https:\/\/wilbud.com\/?page_id=157","og_locale":"pl_PL","og_type":"article","og_title":"O NAS - Wilbud Materia\u0142y budowlane i opa\u0142owe Tomasz Bachniak","og_description":"Jeste\u015bmy sk\u0142adem materia\u0142\u00f3w budowlanych i opa\u0142owych, nowoczesnym, pr\u0119\u017cnie rozwijaj\u0105cym si\u0119, od samego pocz\u0105tku stawiaj\u0105cym na rozw\u00f3j. Swoj\u0105 dzia\u0142alno\u015b\u0107 opieramy na dystrybucji materia\u0142\u00f3w budowlanych, opa\u0142u oraz \u015bwiadczeniu us\u0142ug transportowych. Dzia\u0142amy na rynku wsp\u00f3\u0142pracuj\u0105c z najlepszymi producentami oraz dystrybutorami. Szeroki asortyment obejmuje nie tylko materia\u0142y budowlane ale r\u00f3wnie\u017c elektryk\u0119, farby, narz\u0119dzia, systemy zamocowa\u0144 i wiele innych przydatnych [&hellip;]","og_url":"https:\/\/wilbud.com\/?page_id=157","og_site_name":"Wilbud Materia\u0142y budowlane i opa\u0142owe Tomasz Bachniak","article_modified_time":"2024-05-05T16:55:33+00:00","twitter_card":"summary_large_image","twitter_misc":{"Szacowany czas czytania":"2 minuty"},"schema":{"@context":"https:\/\/schema.org","@graph":[{"@type":"WebPage","@id":"https:\/\/wilbud.com\/?page_id=157","url":"https:\/\/wilbud.com\/?page_id=157","name":"O NAS - Wilbud Materia\u0142y budowlane i opa\u0142owe Tomasz Bachniak","isPartOf":{"@id":"https:\/\/wilbud.com\/#website"},"datePublished":"2024-04-30T13:32:02+00:00","dateModified":"2024-05-05T16:55:33+00:00","breadcrumb":{"@id":"https:\/\/wilbud.com\/?page_id=157#breadcrumb"},"inLanguage":"pl-PL","potentialAction":[{"@type":"ReadAction","target":["https:\/\/wilbud.com\/?page_id=157"]}]},{"@type":"BreadcrumbList","@id":"https:\/\/wilbud.com\/?page_id=157#breadcrumb","itemListElement":[{"@type":"ListItem","position":1,"name":"Strona g\u0142\u00f3wna","item":"https:\/\/wilbud.com\/"},{"@type":"ListItem","position":2,"name":"O NAS"}]},{"@type":"WebSite","@id":"https:\/\/wilbud.com\/#website","url":"https:\/\/wilbud.com\/","name":"Wilbud Materia\u0142y budowlane i opa\u0142owe Tomasz Bachniak","description":"Godziny otwarcia: Poniedzia\u0142ek - Pi\u0105tek: 7:30 - 16:00&lt;br&gt;Sobota: 7:30 - 13:00","publisher":{"@id":"https:\/\/wilbud.com\/#organization"},"inLanguage":"pl-PL"},{"@type":"Organization","@id":"https:\/\/wilbud.com\/#organization","name":"Wilbud Materia\u0142y budowlane i opa\u0142owe Tomasz Bachniak","url":"https:\/\/wilbud.com\/","logo":{"@type":"ImageObject","inLanguage":"pl-PL","@id":"https:\/\/wilbud.com\/#\/schema\/logo\/image\/","url":"https:\/\/wilbud.com\/wp-content\/uploads\/2024\/04\/wilbud_logo.png","contentUrl":"https:\/\/wilbud.com\/wp-content\/uploads\/2024\/04\/wilbud_logo.png","width":353,"height":154,"caption":"Wilbud Materia\u0142y budowlane i opa\u0142owe Tomasz Bachniak"},"image":{"@id":"https:\/\/wilbud.com\/#\/schema\/logo\/image\/"}}]}},"featured_image_src":"","featured_image_src_square":false,"rbea_author_info":{"display_name":"adminwilbud","author_link":"https:\/\/wilbud.com\/?author=1"},"rbea_excerpt_info":"Jeste\u015bmy sk\u0142adem materia\u0142\u00f3w budowlanych i opa\u0142owych, nowoczesnym, pr\u0119\u017cnie rozwijaj\u0105cym si\u0119, od samego pocz\u0105tku stawiaj\u0105cym na rozw\u00f3j. Swoj\u0105 dzia\u0142alno\u015b\u0107 opieramy na dystrybucji materia\u0142\u00f3w budowlanych, opa\u0142u oraz \u015bwiadczeniu us\u0142ug transportowych. Dzia\u0142amy na rynku wsp\u00f3\u0142pracuj\u0105c z najlepszymi producentami oraz dystrybutorami. Szeroki asortyment obejmuje nie tylko materia\u0142y budowlane ale r\u00f3wnie\u017c elektryk\u0119, farby, narz\u0119dzia, systemy zamocowa\u0144 i wiele innych przydatnych [&hellip;]","_links":{"self":[{"href":"https:\/\/wilbud.com\/index.php?rest_route=\/wp\/v2\/pages\/157","targetHints":{"allow":["GET"]}}],"collection":[{"href":"https:\/\/wilbud.com\/index.php?rest_route=\/wp\/v2\/pages"}],"about":[{"href":"https:\/\/wilbud.com\/index.php?rest_route=\/wp\/v2\/types\/page"}],"author":[{"embeddable":true,"href":"https:\/\/wilbud.com\/index.php?rest_route=\/wp\/v2\/users\/1"}],"replies":[{"embeddable":true,"href":"https:\/\/wilbud.com\/index.php?rest_route=%2Fwp%2Fv2%2Fcomments&post=157"}],"version-history":[{"count":27,"href":"https:\/\/wilbud.com\/index.php?rest_route=\/wp\/v2\/pages\/157\/revisions"}],"predecessor-version":[{"id":541,"href":"https:\/\/wilbud.com\/index.php?rest_route=\/wp\/v2\/pages\/157\/revisions\/541"}],"wp:attachment":[{"href":"https:\/\/wilbud.com\/index.php?rest_route=%2Fwp%2Fv2%2Fmedia&parent=157"}],"curies":[{"name":"wp","href":"https:\/\/api.w.org\/{rel}","templated":true}]}}