{"id":139,"date":"2024-04-30T15:17:17","date_gmt":"2024-04-30T13:17:17","guid":{"rendered":"https:\/\/wilbud.com\/?page_id=139"},"modified":"2024-05-05T17:16:20","modified_gmt":"2024-05-05T15:16:20","slug":"galeria","status":"publish","type":"page","link":"https:\/\/wilbud.com\/?page_id=139","title":{"rendered":"GALERIA"},"content":{"rendered":"\n<div class=\"wp-block-essential-blocks-image-gallery alignwide\"><div class=\"eb-parent-wrapper eb-parent-eb-image-gallery-am99b eb_animation eb___animated eb___swing\"><div class=\"eb-gallery-img-wrapper eb-image-gallery-am99b masonry zoom caption-style-1   no-isotope \" data-id=\"eb-image-gallery-am99b\"><a href=\"https:\/\/wilbud.com\/wp-content\/uploads\/2024\/05\/2017_03_25_IMG_2871-1.jpg\" rel=\"noopener\" data-fslightbox=\"gallery\" data-type=\"image\" class=\"eb-gallery-img-content eb-filter-img-\"><span class=\"eb-gallery-link-wrapper\"><img decoding=\"async\" class=\"eb-gallery-img\" src=\"https:\/\/wilbud.com\/wp-content\/uploads\/2024\/05\/2017_03_25_IMG_2871-1.jpg\" image-index=\"0\" alt=\"\"\/><\/span><\/a><a href=\"https:\/\/wilbud.com\/wp-content\/uploads\/2024\/05\/2017_03_25_IMG_2869-1.jpg\" rel=\"noopener\" data-fslightbox=\"gallery\" data-type=\"image\" class=\"eb-gallery-img-content eb-filter-img-\"><span class=\"eb-gallery-link-wrapper\"><img decoding=\"async\" class=\"eb-gallery-img\" src=\"https:\/\/wilbud.com\/wp-content\/uploads\/2024\/05\/2017_03_25_IMG_2869-1.jpg\" image-index=\"1\" alt=\"\"\/><\/span><\/a><a href=\"https:\/\/wilbud.com\/wp-content\/uploads\/2024\/05\/2017_03_25_IMG_2867-1.jpg\" rel=\"noopener\" data-fslightbox=\"gallery\" data-type=\"image\" class=\"eb-gallery-img-content eb-filter-img-\"><span class=\"eb-gallery-link-wrapper\"><img decoding=\"async\" class=\"eb-gallery-img\" src=\"https:\/\/wilbud.com\/wp-content\/uploads\/2024\/05\/2017_03_25_IMG_2867-1.jpg\" image-index=\"2\" alt=\"\"\/><\/span><\/a><a href=\"https:\/\/wilbud.com\/wp-content\/uploads\/2024\/05\/2017_03_25_IMG_2869.jpg\" rel=\"noopener\" data-fslightbox=\"gallery\" data-type=\"image\" class=\"eb-gallery-img-content eb-filter-img-\"><span class=\"eb-gallery-link-wrapper\"><img decoding=\"async\" class=\"eb-gallery-img\" src=\"https:\/\/wilbud.com\/wp-content\/uploads\/2024\/05\/2017_03_25_IMG_2869.jpg\" image-index=\"3\" alt=\"\"\/><\/span><\/a><a href=\"https:\/\/wilbud.com\/wp-content\/uploads\/2024\/05\/2017_03_25_IMG_2865-1.jpg\" rel=\"noopener\" data-fslightbox=\"gallery\" data-type=\"image\" class=\"eb-gallery-img-content eb-filter-img-\"><span class=\"eb-gallery-link-wrapper\"><img decoding=\"async\" class=\"eb-gallery-img\" src=\"https:\/\/wilbud.com\/wp-content\/uploads\/2024\/05\/2017_03_25_IMG_2865-1.jpg\" image-index=\"4\" alt=\"\"\/><\/span><\/a><a href=\"https:\/\/wilbud.com\/wp-content\/uploads\/2024\/05\/2017_03_25_IMG_2867.jpg\" rel=\"noopener\" data-fslightbox=\"gallery\" data-type=\"image\" class=\"eb-gallery-img-content eb-filter-img-\"><span class=\"eb-gallery-link-wrapper\"><img decoding=\"async\" class=\"eb-gallery-img\" src=\"https:\/\/wilbud.com\/wp-content\/uploads\/2024\/05\/2017_03_25_IMG_2867.jpg\" image-index=\"5\" alt=\"\"\/><\/span><\/a><a href=\"https:\/\/wilbud.com\/wp-content\/uploads\/2024\/05\/2017_03_25_IMG_2862-1.jpg\" rel=\"noopener\" data-fslightbox=\"gallery\" data-type=\"image\" class=\"eb-gallery-img-content eb-filter-img-\"><span class=\"eb-gallery-link-wrapper\"><img decoding=\"async\" class=\"eb-gallery-img\" src=\"https:\/\/wilbud.com\/wp-content\/uploads\/2024\/05\/2017_03_25_IMG_2862-1.jpg\" image-index=\"6\" alt=\"\"\/><\/span><\/a><a href=\"https:\/\/wilbud.com\/wp-content\/uploads\/2024\/05\/2017_03_25_IMG_2860-2.jpg\" rel=\"noopener\" data-fslightbox=\"gallery\" data-type=\"image\" class=\"eb-gallery-img-content eb-filter-img-\"><span class=\"eb-gallery-link-wrapper\"><img decoding=\"async\" class=\"eb-gallery-img\" src=\"https:\/\/wilbud.com\/wp-content\/uploads\/2024\/05\/2017_03_25_IMG_2860-2.jpg\" image-index=\"7\" alt=\"\"\/><\/span><\/a><a href=\"https:\/\/wilbud.com\/wp-content\/uploads\/2024\/05\/2017_03_25_IMG_2858-1.jpg\" rel=\"noopener\" data-fslightbox=\"gallery\" data-type=\"image\" class=\"eb-gallery-img-content eb-filter-img-\"><span class=\"eb-gallery-link-wrapper\"><img decoding=\"async\" class=\"eb-gallery-img\" src=\"https:\/\/wilbud.com\/wp-content\/uploads\/2024\/05\/2017_03_25_IMG_2858-1.jpg\" image-index=\"8\" alt=\"\"\/><\/span><\/a><a href=\"https:\/\/wilbud.com\/wp-content\/uploads\/2024\/05\/2017_03_25_IMG_2846-1.jpg\" rel=\"noopener\" data-fslightbox=\"gallery\" data-type=\"image\" class=\"eb-gallery-img-content eb-filter-img-\"><span class=\"eb-gallery-link-wrapper\"><img decoding=\"async\" class=\"eb-gallery-img\" src=\"https:\/\/wilbud.com\/wp-content\/uploads\/2024\/05\/2017_03_25_IMG_2846-1.jpg\" image-index=\"9\" alt=\"\"\/><\/span><\/a><a href=\"https:\/\/wilbud.com\/wp-content\/uploads\/2024\/05\/2017_03_25_IMG_2849.jpg\" rel=\"noopener\" data-fslightbox=\"gallery\" data-type=\"image\" class=\"eb-gallery-img-content eb-filter-img-\"><span class=\"eb-gallery-link-wrapper\"><img decoding=\"async\" class=\"eb-gallery-img\" src=\"https:\/\/wilbud.com\/wp-content\/uploads\/2024\/05\/2017_03_25_IMG_2849.jpg\" image-index=\"10\" alt=\"\"\/><\/span><\/a><a href=\"https:\/\/wilbud.com\/wp-content\/uploads\/2024\/05\/2017_03_25_IMG_2855.jpg\" rel=\"noopener\" data-fslightbox=\"gallery\" data-type=\"image\" class=\"eb-gallery-img-content eb-filter-img-\"><span class=\"eb-gallery-link-wrapper\"><img decoding=\"async\" class=\"eb-gallery-img\" src=\"https:\/\/wilbud.com\/wp-content\/uploads\/2024\/05\/2017_03_25_IMG_2855.jpg\" image-index=\"11\" alt=\"\"\/><\/span><\/a><a href=\"https:\/\/wilbud.com\/wp-content\/uploads\/2024\/05\/2017_03_25_IMG_2844-1.jpg\" rel=\"noopener\" data-fslightbox=\"gallery\" data-type=\"image\" class=\"eb-gallery-img-content eb-filter-img-\"><span class=\"eb-gallery-link-wrapper\"><img decoding=\"async\" class=\"eb-gallery-img\" src=\"https:\/\/wilbud.com\/wp-content\/uploads\/2024\/05\/2017_03_25_IMG_2844-1.jpg\" image-index=\"12\" alt=\"\"\/><\/span><\/a><a href=\"https:\/\/wilbud.com\/wp-content\/uploads\/2024\/05\/2017_03_25_IMG_2815-1.jpg\" rel=\"noopener\" data-fslightbox=\"gallery\" data-type=\"image\" class=\"eb-gallery-img-content eb-filter-img-\"><span class=\"eb-gallery-link-wrapper\"><img decoding=\"async\" class=\"eb-gallery-img\" src=\"https:\/\/wilbud.com\/wp-content\/uploads\/2024\/05\/2017_03_25_IMG_2815-1.jpg\" image-index=\"13\" alt=\"\"\/><\/span><\/a><a href=\"https:\/\/wilbud.com\/wp-content\/uploads\/2024\/05\/2017_03_25_IMG_2814-1.jpg\" rel=\"noopener\" data-fslightbox=\"gallery\" data-type=\"image\" class=\"eb-gallery-img-content eb-filter-img-\"><span class=\"eb-gallery-link-wrapper\"><img decoding=\"async\" class=\"eb-gallery-img\" src=\"https:\/\/wilbud.com\/wp-content\/uploads\/2024\/05\/2017_03_25_IMG_2814-1.jpg\" image-index=\"14\" alt=\"\"\/><\/span><\/a><a href=\"https:\/\/wilbud.com\/wp-content\/uploads\/2024\/05\/2017_03_25_IMG_2811-1.jpg\" rel=\"noopener\" data-fslightbox=\"gallery\" data-type=\"image\" class=\"eb-gallery-img-content eb-filter-img-\"><span class=\"eb-gallery-link-wrapper\"><img decoding=\"async\" class=\"eb-gallery-img\" src=\"https:\/\/wilbud.com\/wp-content\/uploads\/2024\/05\/2017_03_25_IMG_2811-1.jpg\" image-index=\"15\" alt=\"\"\/><\/span><\/a><a href=\"https:\/\/wilbud.com\/wp-content\/uploads\/2024\/05\/2017_03_25_IMG_2807-1.jpg\" rel=\"noopener\" data-fslightbox=\"gallery\" data-type=\"image\" class=\"eb-gallery-img-content eb-filter-img-\"><span class=\"eb-gallery-link-wrapper\"><img decoding=\"async\" class=\"eb-gallery-img\" src=\"https:\/\/wilbud.com\/wp-content\/uploads\/2024\/05\/2017_03_25_IMG_2807-1.jpg\" image-index=\"16\" alt=\"\"\/><\/span><\/a><a href=\"https:\/\/wilbud.com\/wp-content\/uploads\/2024\/05\/2017_03_25_IMG_2797-2.jpg\" rel=\"noopener\" data-fslightbox=\"gallery\" data-type=\"image\" class=\"eb-gallery-img-content eb-filter-img-\"><span class=\"eb-gallery-link-wrapper\"><img decoding=\"async\" class=\"eb-gallery-img\" src=\"https:\/\/wilbud.com\/wp-content\/uploads\/2024\/05\/2017_03_25_IMG_2797-2.jpg\" image-index=\"17\" alt=\"\"\/><\/span><\/a><a href=\"https:\/\/wilbud.com\/wp-content\/uploads\/2024\/05\/2017_03_25_IMG_2792-1.jpg\" rel=\"noopener\" data-fslightbox=\"gallery\" data-type=\"image\" class=\"eb-gallery-img-content eb-filter-img-\"><span class=\"eb-gallery-link-wrapper\"><img decoding=\"async\" class=\"eb-gallery-img\" src=\"https:\/\/wilbud.com\/wp-content\/uploads\/2024\/05\/2017_03_25_IMG_2792-1.jpg\" image-index=\"18\" alt=\"\"\/><\/span><\/a><a href=\"https:\/\/wilbud.com\/wp-content\/uploads\/2024\/05\/2017_03_25_IMG_2790.jpg\" rel=\"noopener\" data-fslightbox=\"gallery\" data-type=\"image\" class=\"eb-gallery-img-content eb-filter-img-\"><span class=\"eb-gallery-link-wrapper\"><img decoding=\"async\" class=\"eb-gallery-img\" src=\"https:\/\/wilbud.com\/wp-content\/uploads\/2024\/05\/2017_03_25_IMG_2790.jpg\" image-index=\"19\" alt=\"\"\/><\/span><\/a><a href=\"https:\/\/wilbud.com\/wp-content\/uploads\/2024\/05\/2017_03_25_IMG_2789.jpg\" rel=\"noopener\" data-fslightbox=\"gallery\" data-type=\"image\" class=\"eb-gallery-img-content eb-filter-img-\"><span class=\"eb-gallery-link-wrapper\"><img decoding=\"async\" class=\"eb-gallery-img\" src=\"https:\/\/wilbud.com\/wp-content\/uploads\/2024\/05\/2017_03_25_IMG_2789.jpg\" image-index=\"20\" alt=\"\"\/><\/span><\/a><a href=\"https:\/\/wilbud.com\/wp-content\/uploads\/2024\/05\/2017_03_25_IMG_2786-1.jpg\" rel=\"noopener\" data-fslightbox=\"gallery\" data-type=\"image\" class=\"eb-gallery-img-content eb-filter-img-\"><span class=\"eb-gallery-link-wrapper\"><img decoding=\"async\" class=\"eb-gallery-img\" src=\"https:\/\/wilbud.com\/wp-content\/uploads\/2024\/05\/2017_03_25_IMG_2786-1.jpg\" image-index=\"21\" alt=\"\"\/><\/span><\/a><a href=\"https:\/\/wilbud.com\/wp-content\/uploads\/2024\/05\/2017_03_25_IMG_2783.jpg\" rel=\"noopener\" data-fslightbox=\"gallery\" data-type=\"image\" class=\"eb-gallery-img-content eb-filter-img-\"><span class=\"eb-gallery-link-wrapper\"><img decoding=\"async\" class=\"eb-gallery-img\" src=\"https:\/\/wilbud.com\/wp-content\/uploads\/2024\/05\/2017_03_25_IMG_2783.jpg\" image-index=\"22\" alt=\"\"\/><\/span><\/a><a href=\"https:\/\/wilbud.com\/wp-content\/uploads\/2024\/05\/2017_03_25_IMG_2782.jpg\" rel=\"noopener\" data-fslightbox=\"gallery\" data-type=\"image\" class=\"eb-gallery-img-content eb-filter-img-\"><span class=\"eb-gallery-link-wrapper\"><img decoding=\"async\" class=\"eb-gallery-img\" src=\"https:\/\/wilbud.com\/wp-content\/uploads\/2024\/05\/2017_03_25_IMG_2782.jpg\" image-index=\"23\" alt=\"\"\/><\/span><\/a><a href=\"https:\/\/wilbud.com\/wp-content\/uploads\/2024\/05\/2017_03_25_IMG_2779-1.jpg\" rel=\"noopener\" data-fslightbox=\"gallery\" data-type=\"image\" class=\"eb-gallery-img-content eb-filter-img-\"><span class=\"eb-gallery-link-wrapper\"><img decoding=\"async\" class=\"eb-gallery-img\" src=\"https:\/\/wilbud.com\/wp-content\/uploads\/2024\/05\/2017_03_25_IMG_2779-1.jpg\" image-index=\"24\" alt=\"\"\/><\/span><\/a><a href=\"https:\/\/wilbud.com\/wp-content\/uploads\/2024\/05\/2017_03_25_IMG_2776.jpg\" rel=\"noopener\" data-fslightbox=\"gallery\" data-type=\"image\" class=\"eb-gallery-img-content eb-filter-img-\"><span class=\"eb-gallery-link-wrapper\"><img decoding=\"async\" class=\"eb-gallery-img\" src=\"https:\/\/wilbud.com\/wp-content\/uploads\/2024\/05\/2017_03_25_IMG_2776.jpg\" image-index=\"25\" alt=\"\"\/><\/span><\/a><a href=\"https:\/\/wilbud.com\/wp-content\/uploads\/2024\/05\/2017_03_25_IMG_2774-1.jpg\" rel=\"noopener\" data-fslightbox=\"gallery\" data-type=\"image\" class=\"eb-gallery-img-content eb-filter-img-\"><span class=\"eb-gallery-link-wrapper\"><img decoding=\"async\" class=\"eb-gallery-img\" src=\"https:\/\/wilbud.com\/wp-content\/uploads\/2024\/05\/2017_03_25_IMG_2774-1.jpg\" image-index=\"26\" alt=\"\"\/><\/span><\/a><a href=\"https:\/\/wilbud.com\/wp-content\/uploads\/2024\/05\/2017_03_25_IMG_2773.jpg\" rel=\"noopener\" data-fslightbox=\"gallery\" data-type=\"image\" class=\"eb-gallery-img-content eb-filter-img-\"><span class=\"eb-gallery-link-wrapper\"><img decoding=\"async\" class=\"eb-gallery-img\" src=\"https:\/\/wilbud.com\/wp-content\/uploads\/2024\/05\/2017_03_25_IMG_2773.jpg\" image-index=\"27\" alt=\"\"\/><\/span><\/a><a href=\"https:\/\/wilbud.com\/wp-content\/uploads\/2024\/05\/2017_03_25_IMG_2770-1.jpg\" rel=\"noopener\" data-fslightbox=\"gallery\" data-type=\"image\" class=\"eb-gallery-img-content eb-filter-img-\"><span class=\"eb-gallery-link-wrapper\"><img decoding=\"async\" class=\"eb-gallery-img\" src=\"https:\/\/wilbud.com\/wp-content\/uploads\/2024\/05\/2017_03_25_IMG_2770-1.jpg\" image-index=\"28\" alt=\"\"\/><\/span><\/a><a href=\"https:\/\/wilbud.com\/wp-content\/uploads\/2024\/05\/2017_03_25_IMG_2767.jpg\" rel=\"noopener\" data-fslightbox=\"gallery\" data-type=\"image\" class=\"eb-gallery-img-content eb-filter-img-\"><span class=\"eb-gallery-link-wrapper\"><img decoding=\"async\" class=\"eb-gallery-img\" src=\"https:\/\/wilbud.com\/wp-content\/uploads\/2024\/05\/2017_03_25_IMG_2767.jpg\" image-index=\"29\" alt=\"\"\/><\/span><\/a><a href=\"https:\/\/wilbud.com\/wp-content\/uploads\/2024\/05\/2017_03_25_IMG_2766.jpg\" rel=\"noopener\" data-fslightbox=\"gallery\" data-type=\"image\" class=\"eb-gallery-img-content eb-filter-img-\"><span class=\"eb-gallery-link-wrapper\"><img decoding=\"async\" class=\"eb-gallery-img\" src=\"https:\/\/wilbud.com\/wp-content\/uploads\/2024\/05\/2017_03_25_IMG_2766.jpg\" image-index=\"30\" alt=\"\"\/><\/span><\/a><a href=\"https:\/\/wilbud.com\/wp-content\/uploads\/2024\/05\/2017_03_25_IMG_2765.jpg\" rel=\"noopener\" data-fslightbox=\"gallery\" data-type=\"image\" class=\"eb-gallery-img-content eb-filter-img-\"><span class=\"eb-gallery-link-wrapper\"><img decoding=\"async\" class=\"eb-gallery-img\" src=\"https:\/\/wilbud.com\/wp-content\/uploads\/2024\/05\/2017_03_25_IMG_2765.jpg\" image-index=\"31\" alt=\"\"\/><\/span><\/a><a href=\"https:\/\/wilbud.com\/wp-content\/uploads\/2024\/05\/2017_03_25_IMG_2870.jpg\" rel=\"noopener\" data-fslightbox=\"gallery\" data-type=\"image\" class=\"eb-gallery-img-content eb-filter-img-\"><span class=\"eb-gallery-link-wrapper\"><img decoding=\"async\" class=\"eb-gallery-img\" src=\"https:\/\/wilbud.com\/wp-content\/uploads\/2024\/05\/2017_03_25_IMG_2870.jpg\" image-index=\"32\" alt=\"\"\/><\/span><\/a><\/div><\/div><\/div>\n","protected":false},"excerpt":{"rendered":"","protected":false},"author":1,"featured_media":0,"parent":0,"menu_order":0,"comment_status":"closed","ping_status":"closed","template":"","meta":{"_eb_attr":"","footnotes":""},"class_list":["post-139","page","type-page","status-publish","hentry"],"yoast_head":"<!-- This site is optimized with the Yoast SEO plugin v24.3 - https:\/\/yoast.com\/wordpress\/plugins\/seo\/ -->\n<title>GALERIA - Wilbud Materia\u0142y budowlane i opa\u0142owe Tomasz Bachniak<\/title>\n<meta name=\"robots\" content=\"index, follow, max-snippet:-1, max-image-preview:large, max-video-preview:-1\" \/>\n<link rel=\"canonical\" href=\"https:\/\/wilbud.com\/?page_id=139\" \/>\n<meta property=\"og:locale\" content=\"pl_PL\" \/>\n<meta property=\"og:type\" content=\"article\" \/>\n<meta property=\"og:title\" content=\"GALERIA - Wilbud Materia\u0142y budowlane i opa\u0142owe Tomasz Bachniak\" \/>\n<meta property=\"og:url\" content=\"https:\/\/wilbud.com\/?page_id=139\" \/>\n<meta property=\"og:site_name\" content=\"Wilbud Materia\u0142y budowlane i opa\u0142owe Tomasz Bachniak\" \/>\n<meta property=\"article:modified_time\" content=\"2024-05-05T15:16:20+00:00\" \/>\n<meta property=\"og:image\" content=\"https:\/\/wilbud.com\/wp-content\/uploads\/2024\/05\/2017_03_25_IMG_2871-1.jpg\" \/>\n<meta name=\"twitter:card\" content=\"summary_large_image\" \/>\n<meta name=\"twitter:label1\" content=\"Szacowany czas czytania\" \/>\n\t<meta name=\"twitter:data1\" content=\"7 minut\" \/>\n<script type=\"application\/ld+json\" class=\"yoast-schema-graph\">{\"@context\":\"https:\/\/schema.org\",\"@graph\":[{\"@type\":\"WebPage\",\"@id\":\"https:\/\/wilbud.com\/?page_id=139\",\"url\":\"https:\/\/wilbud.com\/?page_id=139\",\"name\":\"GALERIA - Wilbud Materia\u0142y budowlane i opa\u0142owe Tomasz Bachniak\",\"isPartOf\":{\"@id\":\"https:\/\/wilbud.com\/#website\"},\"primaryImageOfPage\":{\"@id\":\"https:\/\/wilbud.com\/?page_id=139#primaryimage\"},\"image\":{\"@id\":\"https:\/\/wilbud.com\/?page_id=139#primaryimage\"},\"thumbnailUrl\":\"https:\/\/wilbud.com\/wp-content\/uploads\/2024\/05\/2017_03_25_IMG_2871-1.jpg\",\"datePublished\":\"2024-04-30T13:17:17+00:00\",\"dateModified\":\"2024-05-05T15:16:20+00:00\",\"breadcrumb\":{\"@id\":\"https:\/\/wilbud.com\/?page_id=139#breadcrumb\"},\"inLanguage\":\"pl-PL\",\"potentialAction\":[{\"@type\":\"ReadAction\",\"target\":[\"https:\/\/wilbud.com\/?page_id=139\"]}]},{\"@type\":\"ImageObject\",\"inLanguage\":\"pl-PL\",\"@id\":\"https:\/\/wilbud.com\/?page_id=139#primaryimage\",\"url\":\"https:\/\/wilbud.com\/wp-content\/uploads\/2024\/05\/2017_03_25_IMG_2871-1.jpg\",\"contentUrl\":\"https:\/\/wilbud.com\/wp-content\/uploads\/2024\/05\/2017_03_25_IMG_2871-1.jpg\",\"width\":667,\"height\":1000},{\"@type\":\"BreadcrumbList\",\"@id\":\"https:\/\/wilbud.com\/?page_id=139#breadcrumb\",\"itemListElement\":[{\"@type\":\"ListItem\",\"position\":1,\"name\":\"Strona g\u0142\u00f3wna\",\"item\":\"https:\/\/wilbud.com\/\"},{\"@type\":\"ListItem\",\"position\":2,\"name\":\"GALERIA\"}]},{\"@type\":\"WebSite\",\"@id\":\"https:\/\/wilbud.com\/#website\",\"url\":\"https:\/\/wilbud.com\/\",\"name\":\"Wilbud Materia\u0142y budowlane i opa\u0142owe Tomasz Bachniak\",\"description\":\"Godziny otwarcia: Poniedzia\u0142ek - Pi\u0105tek: 7:30 - 16:00&lt;br&gt;Sobota: 7:30 - 13:00\",\"publisher\":{\"@id\":\"https:\/\/wilbud.com\/#organization\"},\"inLanguage\":\"pl-PL\"},{\"@type\":\"Organization\",\"@id\":\"https:\/\/wilbud.com\/#organization\",\"name\":\"Wilbud Materia\u0142y budowlane i opa\u0142owe Tomasz Bachniak\",\"url\":\"https:\/\/wilbud.com\/\",\"logo\":{\"@type\":\"ImageObject\",\"inLanguage\":\"pl-PL\",\"@id\":\"https:\/\/wilbud.com\/#\/schema\/logo\/image\/\",\"url\":\"https:\/\/wilbud.com\/wp-content\/uploads\/2024\/04\/wilbud_logo.png\",\"contentUrl\":\"https:\/\/wilbud.com\/wp-content\/uploads\/2024\/04\/wilbud_logo.png\",\"width\":353,\"height\":154,\"caption\":\"Wilbud Materia\u0142y budowlane i opa\u0142owe Tomasz Bachniak\"},\"image\":{\"@id\":\"https:\/\/wilbud.com\/#\/schema\/logo\/image\/\"}}]}<\/script>\n<!-- \/ Yoast SEO plugin. -->","yoast_head_json":{"title":"GALERIA - Wilbud Materia\u0142y budowlane i opa\u0142owe Tomasz Bachniak","robots":{"index":"index","follow":"follow","max-snippet":"max-snippet:-1","max-image-preview":"max-image-preview:large","max-video-preview":"max-video-preview:-1"},"canonical":"https:\/\/wilbud.com\/?page_id=139","og_locale":"pl_PL","og_type":"article","og_title":"GALERIA - Wilbud Materia\u0142y budowlane i opa\u0142owe Tomasz Bachniak","og_url":"https:\/\/wilbud.com\/?page_id=139","og_site_name":"Wilbud Materia\u0142y budowlane i opa\u0142owe Tomasz Bachniak","article_modified_time":"2024-05-05T15:16:20+00:00","og_image":[{"url":"https:\/\/wilbud.com\/wp-content\/uploads\/2024\/05\/2017_03_25_IMG_2871-1.jpg","type":"","width":"","height":""}],"twitter_card":"summary_large_image","twitter_misc":{"Szacowany czas czytania":"7 minut"},"schema":{"@context":"https:\/\/schema.org","@graph":[{"@type":"WebPage","@id":"https:\/\/wilbud.com\/?page_id=139","url":"https:\/\/wilbud.com\/?page_id=139","name":"GALERIA - Wilbud Materia\u0142y budowlane i opa\u0142owe Tomasz Bachniak","isPartOf":{"@id":"https:\/\/wilbud.com\/#website"},"primaryImageOfPage":{"@id":"https:\/\/wilbud.com\/?page_id=139#primaryimage"},"image":{"@id":"https:\/\/wilbud.com\/?page_id=139#primaryimage"},"thumbnailUrl":"https:\/\/wilbud.com\/wp-content\/uploads\/2024\/05\/2017_03_25_IMG_2871-1.jpg","datePublished":"2024-04-30T13:17:17+00:00","dateModified":"2024-05-05T15:16:20+00:00","breadcrumb":{"@id":"https:\/\/wilbud.com\/?page_id=139#breadcrumb"},"inLanguage":"pl-PL","potentialAction":[{"@type":"ReadAction","target":["https:\/\/wilbud.com\/?page_id=139"]}]},{"@type":"ImageObject","inLanguage":"pl-PL","@id":"https:\/\/wilbud.com\/?page_id=139#primaryimage","url":"https:\/\/wilbud.com\/wp-content\/uploads\/2024\/05\/2017_03_25_IMG_2871-1.jpg","contentUrl":"https:\/\/wilbud.com\/wp-content\/uploads\/2024\/05\/2017_03_25_IMG_2871-1.jpg","width":667,"height":1000},{"@type":"BreadcrumbList","@id":"https:\/\/wilbud.com\/?page_id=139#breadcrumb","itemListElement":[{"@type":"ListItem","position":1,"name":"Strona g\u0142\u00f3wna","item":"https:\/\/wilbud.com\/"},{"@type":"ListItem","position":2,"name":"GALERIA"}]},{"@type":"WebSite","@id":"https:\/\/wilbud.com\/#website","url":"https:\/\/wilbud.com\/","name":"Wilbud Materia\u0142y budowlane i opa\u0142owe Tomasz Bachniak","description":"Godziny otwarcia: Poniedzia\u0142ek - Pi\u0105tek: 7:30 - 16:00&lt;br&gt;Sobota: 7:30 - 13:00","publisher":{"@id":"https:\/\/wilbud.com\/#organization"},"inLanguage":"pl-PL"},{"@type":"Organization","@id":"https:\/\/wilbud.com\/#organization","name":"Wilbud Materia\u0142y budowlane i opa\u0142owe Tomasz Bachniak","url":"https:\/\/wilbud.com\/","logo":{"@type":"ImageObject","inLanguage":"pl-PL","@id":"https:\/\/wilbud.com\/#\/schema\/logo\/image\/","url":"https:\/\/wilbud.com\/wp-content\/uploads\/2024\/04\/wilbud_logo.png","contentUrl":"https:\/\/wilbud.com\/wp-content\/uploads\/2024\/04\/wilbud_logo.png","width":353,"height":154,"caption":"Wilbud Materia\u0142y budowlane i opa\u0142owe Tomasz Bachniak"},"image":{"@id":"https:\/\/wilbud.com\/#\/schema\/logo\/image\/"}}]}},"featured_image_src":"","featured_image_src_square":false,"rbea_author_info":{"display_name":"adminwilbud","author_link":"https:\/\/wilbud.com\/?author=1"},"rbea_excerpt_info":null,"_links":{"self":[{"href":"https:\/\/wilbud.com\/index.php?rest_route=\/wp\/v2\/pages\/139","targetHints":{"allow":["GET"]}}],"collection":[{"href":"https:\/\/wilbud.com\/index.php?rest_route=\/wp\/v2\/pages"}],"about":[{"href":"https:\/\/wilbud.com\/index.php?rest_route=\/wp\/v2\/types\/page"}],"author":[{"embeddable":true,"href":"https:\/\/wilbud.com\/index.php?rest_route=\/wp\/v2\/users\/1"}],"replies":[{"embeddable":true,"href":"https:\/\/wilbud.com\/index.php?rest_route=%2Fwp%2Fv2%2Fcomments&post=139"}],"version-history":[{"count":8,"href":"https:\/\/wilbud.com\/index.php?rest_route=\/wp\/v2\/pages\/139\/revisions"}],"predecessor-version":[{"id":474,"href":"https:\/\/wilbud.com\/index.php?rest_route=\/wp\/v2\/pages\/139\/revisions\/474"}],"wp:attachment":[{"href":"https:\/\/wilbud.com\/index.php?rest_route=%2Fwp%2Fv2%2Fmedia&parent=139"}],"curies":[{"name":"wp","href":"https:\/\/api.w.org\/{rel}","templated":true}]}}